{"id":7893,"date":"2021-06-15T10:25:14","date_gmt":"2021-06-15T08:25:14","guid":{"rendered":"https:\/\/micdrop.qodeinteractive.com\/?page_id=13"},"modified":"2024-11-28T01:34:03","modified_gmt":"2024-11-28T00:34:03","slug":"domov","status":"publish","type":"page","link":"https:\/\/empiremusic.sk\/en\/","title":{"rendered":"Home"},"content":{"rendered":"<div data-elementor-type=\"wp-page\" data-elementor-id=\"7893\" class=\"elementor elementor-7893\" data-elementor-post-type=\"page\">\n\t\t\t\t\t\t\t\t\t<section class=\"elementor-section elementor-top-section elementor-element elementor-element-f99a5e6 elementor-section-full_width elementor-section-height-default elementor-section-height-default qodef-elementor-content-no\" data-id=\"f99a5e6\" data-element_type=\"section\">\n\t\t\t\t\t\t<div class=\"elementor-container elementor-column-gap-default\">\n\t\t\t\t\t<div class=\"elementor-column elementor-col-100 elementor-top-column elementor-element elementor-element-35ea1f1\" data-id=\"35ea1f1\" data-element_type=\"column\">\n\t\t\t<div class=\"elementor-widget-wrap elementor-element-populated\">\n\t\t\t\t\t\t\t\t<div class=\"elementor-element elementor-element-3e3b474 elementor-widget elementor-widget-slider_revolution\" data-id=\"3e3b474\" data-element_type=\"widget\" data-widget_type=\"slider_revolution.default\">\n\t\t\t\t<div class=\"elementor-widget-container\">\n\t\t\t\r\n\t\t<div class=\"wp-block-themepunch-revslider\">\n\t\t\t<!-- START Main Home REVOLUTION SLIDER 6.5.19 --><p class=\"rs-p-wp-fix\"><\/p>\n\t\t\t<rs-module-wrap id=\"rev_slider_10_1_wrapper\" data-source=\"gallery\" style=\"visibility:hidden;background:transparent;padding:0;\">\n\t\t\t\t<rs-module id=\"rev_slider_10_1\" class=\"qodef-custom-light-rev-navigation\" style=\"\" data-version=\"6.5.19\">\n\t\t\t\t\t<rs-slides>\n\t\t\t\t\t\t<rs-slide style=\"position: absolute;\" data-key=\"rs-12\" data-title=\"Slide\" data-in=\"o:0;\" data-out=\"a:false;\">\n\t\t\t\t\t\t\t<img loading=\"lazy\" decoding=\"async\" src=\"\/\/empiremusic.sk\/wp-content\/plugins\/revslider\/public\/assets\/assets\/dummy.png\" alt=\"\" title=\"screen\" width=\"1920\" height=\"1080\" class=\"rev-slidebg tp-rs-img rs-lazyload\" data-lazyload=\"\/\/empiremusic.sk\/wp-content\/uploads\/2022\/02\/screen.jpg\" data-no-retina>\n\t\t\t\t\t\t\t<rs-bgvideo \n\t\t\t\t\t\t\t\tdata-video=\"vc:none;w:100%;h:100%;nse:false;l:true;ptimer:false;\"\n\t\t\t\t\t\t\t\tdata-vimeoid=\"682501745\"\n\t\t\t\t\t\t\t\tdata-vatr=\"background=1&amp;title=0&amp;byline=0&amp;portrait=0&amp;api=1\"\n\t\t\t\t\t\t\t><\/rs-bgvideo>\n<!--\n\t\t\t\t\t\t\t--><a\n\t\t\t\t\t\t\t\tid=\"slider-10-slide-12-layer-1\" \n\t\t\t\t\t\t\t\tclass=\"rs-layer rev-btn rev-hiddenicon\"\n\t\t\t\t\t\t\t\thref=\"https:\/\/empiremusic.sk\/en\/udalosti\/\" target=\"_self\"\n\t\t\t\t\t\t\t\tdata-type=\"button\"\n\t\t\t\t\t\t\t\tdata-color=\"#0c0c0c\"\n\t\t\t\t\t\t\t\tdata-xy=\"x:c;y:t,t,m,m;yo:450px,450px,0,0;\"\n\t\t\t\t\t\t\t\tdata-text=\"w:normal;s:29,29,29,24;l:38,38,31,32;ls:1,1,0,0;\"\n\t\t\t\t\t\t\t\tdata-dim=\"minh:0px,0px,none,none;\"\n\t\t\t\t\t\t\t\tdata-actions='o:click;a:menulink;target:_self;url:https:\/\/empiremusic.sk\/udalosti\/;sp:300;e:none;'\n\t\t\t\t\t\t\t\tdata-rsp_o=\"off\"\n\t\t\t\t\t\t\t\tdata-rsp_bd=\"off\"\n\t\t\t\t\t\t\t\tdata-padding=\"t:12,12,4,2;r:35,35,12,5;b:12,12,4,2;l:35,35,12,5;\"\n\t\t\t\t\t\t\t\tdata-border=\"bor:30px,30px,30px,30px;\"\n\t\t\t\t\t\t\t\tdata-frame_1=\"st:4690;sR:4320;\"\n\t\t\t\t\t\t\t\tdata-frame_999=\"o:0;st:w;sR:380;\"\n\t\t\t\t\t\t\t\tdata-frame_hover=\"c:#ffcc00;bgc:#000;bor:30px,30px,30px,30px;sp:200;\"\n\t\t\t\t\t\t\t\tstyle=\"z-index:5;background-color:#ffcc00;font-family:'Roboto';text-transform:uppercase;\"\n\t\t\t\t\t\t\t>Tickets <i class=\"fa-chevron-right\"><\/i> \n\t\t\t\t\t\t\t<\/a><!--\n-->\t\t\t\t\t\t<\/rs-slide>\n\t\t\t\t\t<\/rs-slides>\n\t\t\t\t\t<rs-static-layers><!--\n\t\t\t\t\t--><\/rs-static-layers>\n\t\t\t\t<\/rs-module>\n\t\t\t\t<script>\n\t\t\t\t\tsetREVStartSize({c: 'rev_slider_10_1',rl:[1240,1240,778,480],el:[1080,1080,800,600],gw:[1920,1920,660,300],gh:[1080,1080,800,600],type:'standard',justify:'',layout:'fullscreen',offsetContainer:'',offset:'',mh:\"0\"});if (window.RS_MODULES!==undefined && window.RS_MODULES.modules!==undefined && window.RS_MODULES.modules[\"revslider101\"]!==undefined) {window.RS_MODULES.modules[\"revslider101\"].once = false;window.revapi10 = undefined;if (window.RS_MODULES.checkMinimal!==undefined) window.RS_MODULES.checkMinimal()}\n\t\t\t\t<\/script>\n\t\t\t<\/rs-module-wrap>\n\t\t\t<!-- END REVOLUTION SLIDER -->\n<\/div>\r\n\r\n\t\t\t\t<\/div>\n\t\t\t\t<\/div>\n\t\t\t\t\t<\/div>\n\t\t<\/div>\n\t\t\t\t\t\t\t<\/div>\n\t\t<\/section>\n\t\t\t\t<section class=\"elementor-section elementor-top-section elementor-element elementor-element-3de7ae5 elementor-section-boxed elementor-section-height-default elementor-section-height-default qodef-elementor-content-no\" data-id=\"3de7ae5\" data-element_type=\"section\">\n\t\t\t\t\t\t<div class=\"elementor-container elementor-column-gap-default\">\n\t\t\t\t\t<div class=\"elementor-column elementor-col-100 elementor-top-column elementor-element elementor-element-555e576\" data-id=\"555e576\" data-element_type=\"column\">\n\t\t\t<div class=\"elementor-widget-wrap elementor-element-populated\">\n\t\t\t\t\t\t\t\t<section class=\"elementor-section elementor-inner-section elementor-element elementor-element-34e5a92 elementor-section-boxed elementor-section-height-default elementor-section-height-default qodef-elementor-content-no\" data-id=\"34e5a92\" data-element_type=\"section\">\n\t\t\t\t\t\t<div class=\"elementor-container elementor-column-gap-default\">\n\t\t\t\t\t<div class=\"elementor-column elementor-col-50 elementor-inner-column elementor-element elementor-element-884ab2e\" data-id=\"884ab2e\" data-element_type=\"column\">\n\t\t\t<div class=\"elementor-widget-wrap\">\n\t\t\t\t\t\t\t\t\t<\/div>\n\t\t<\/div>\n\t\t\t\t<div class=\"elementor-column elementor-col-50 elementor-inner-column elementor-element elementor-element-cf24e20\" data-id=\"cf24e20\" data-element_type=\"column\">\n\t\t\t<div class=\"elementor-widget-wrap\">\n\t\t\t\t\t\t\t\t\t<\/div>\n\t\t<\/div>\n\t\t\t\t\t\t\t<\/div>\n\t\t<\/section>\n\t\t\t\t\t<\/div>\n\t\t<\/div>\n\t\t\t\t\t\t\t<\/div>\n\t\t<\/section>\n\t\t\t\t\t\t\t<\/div>","protected":false},"excerpt":{"rendered":"","protected":false},"author":1,"featured_media":0,"parent":0,"menu_order":0,"comment_status":"closed","ping_status":"closed","template":"page-full-width.php","meta":{"footnotes":""},"class_list":["post-7893","page","type-page","status-publish","hentry"],"yoast_head":"<!-- This site is optimized with the Yoast SEO Premium plugin v20.13 (Yoast SEO v20.13) - https:\/\/yoast.com\/wordpress\/plugins\/seo\/ -->\n<title>EMPIRE event&amp;stage<\/title>\n<meta name=\"description\" content=\"Kladieme d\u00f4raz na detail a to n\u00e1s odli\u0161uje od konkurencie. Na vs\u030cetky podujatia sa pozera\u0301me komplexne a usilujeme sa o ten najvys\u030cs\u030ci\u0301 moz\u030cny\u0301 s\u030ctandard.\" \/>\n<meta name=\"robots\" content=\"index, follow, max-snippet:-1, max-image-preview:large, max-video-preview:-1\" \/>\n<link rel=\"canonical\" href=\"https:\/\/empiremusic.sk\/en\/\" \/>\n<meta property=\"og:locale\" content=\"en_GB\" \/>\n<meta property=\"og:type\" content=\"article\" \/>\n<meta property=\"og:title\" content=\"EMPIRE event&amp;stage\" \/>\n<meta property=\"og:description\" content=\"Kladieme d\u00f4raz na detail a to n\u00e1s odli\u0161uje od konkurencie. Na vs\u030cetky podujatia sa pozera\u0301me komplexne a usilujeme sa o ten najvys\u030cs\u030ci\u0301 moz\u030cny\u0301 s\u030ctandard.\" \/>\n<meta property=\"og:url\" content=\"https:\/\/empiremusic.sk\/en\/\" \/>\n<meta property=\"og:site_name\" content=\"EMPIRE event&amp;stage\" \/>\n<meta property=\"article:modified_time\" content=\"2024-11-28T00:34:03+00:00\" \/>\n<meta property=\"og:image\" content=\"https:\/\/empiremusic.sk\/wp-content\/uploads\/2022\/02\/opengraph.jpg\" \/>\n\t<meta property=\"og:image:width\" content=\"1920\" \/>\n\t<meta property=\"og:image:height\" content=\"1080\" \/>\n\t<meta property=\"og:image:type\" content=\"image\/jpeg\" \/>\n<meta name=\"twitter:card\" content=\"summary_large_image\" \/>\n<meta name=\"twitter:title\" content=\"Domov\" \/>\n<meta name=\"twitter:label1\" content=\"Estimated reading time\" \/>\n\t<meta name=\"twitter:data1\" content=\"1 minute\" \/>\n<script type=\"application\/ld+json\" class=\"yoast-schema-graph\">{\"@context\":\"https:\/\/schema.org\",\"@graph\":[{\"@type\":\"WebPage\",\"@id\":\"https:\/\/empiremusic.sk\/\",\"url\":\"https:\/\/empiremusic.sk\/\",\"name\":\"EMPIRE event&amp;stage\",\"isPartOf\":{\"@id\":\"https:\/\/empiremusic.sk\/#website\"},\"datePublished\":\"2021-06-15T08:25:14+00:00\",\"dateModified\":\"2024-11-28T00:34:03+00:00\",\"description\":\"Kladieme d\u00f4raz na detail a to n\u00e1s odli\u0161uje od konkurencie. Na vs\u030cetky podujatia sa pozera\u0301me komplexne a usilujeme sa o ten najvys\u030cs\u030ci\u0301 moz\u030cny\u0301 s\u030ctandard.\",\"breadcrumb\":{\"@id\":\"https:\/\/empiremusic.sk\/#breadcrumb\"},\"inLanguage\":\"en-GB\",\"potentialAction\":[{\"@type\":\"ReadAction\",\"target\":[\"https:\/\/empiremusic.sk\/\"]}]},{\"@type\":\"BreadcrumbList\",\"@id\":\"https:\/\/empiremusic.sk\/#breadcrumb\",\"itemListElement\":[{\"@type\":\"ListItem\",\"position\":1,\"name\":\"Domovsk\u00e1 str\u00e1nka\",\"item\":\"https:\/\/empiremusic.sk\/\"},{\"@type\":\"ListItem\",\"position\":2,\"name\":\"Domov\"}]},{\"@type\":\"WebSite\",\"@id\":\"https:\/\/empiremusic.sk\/#website\",\"url\":\"https:\/\/empiremusic.sk\/\",\"name\":\"EMPIRE event&amp;stage\",\"description\":\"\",\"publisher\":{\"@id\":\"https:\/\/empiremusic.sk\/#organization\"},\"potentialAction\":[{\"@type\":\"SearchAction\",\"target\":{\"@type\":\"EntryPoint\",\"urlTemplate\":\"https:\/\/empiremusic.sk\/?s={search_term_string}\"},\"query-input\":\"required name=search_term_string\"}],\"inLanguage\":\"en-GB\"},{\"@type\":\"Organization\",\"@id\":\"https:\/\/empiremusic.sk\/#organization\",\"name\":\"Empire Music\",\"url\":\"https:\/\/empiremusic.sk\/\",\"logo\":{\"@type\":\"ImageObject\",\"inLanguage\":\"en-GB\",\"@id\":\"https:\/\/empiremusic.sk\/#\/schema\/logo\/image\/\",\"url\":\"https:\/\/empiremusic.sk\/wp-content\/uploads\/2022\/02\/empire-black.png\",\"contentUrl\":\"https:\/\/empiremusic.sk\/wp-content\/uploads\/2022\/02\/empire-black.png\",\"width\":300,\"height\":84,\"caption\":\"Empire Music\"},\"image\":{\"@id\":\"https:\/\/empiremusic.sk\/#\/schema\/logo\/image\/\"}}]}<\/script>\n<!-- \/ Yoast SEO Premium plugin. -->","yoast_head_json":{"title":"EMPIRE event&amp;stage","description":"Kladieme d\u00f4raz na detail a to n\u00e1s odli\u0161uje od konkurencie. Na vs\u030cetky podujatia sa pozera\u0301me komplexne a usilujeme sa o ten najvys\u030cs\u030ci\u0301 moz\u030cny\u0301 s\u030ctandard.","robots":{"index":"index","follow":"follow","max-snippet":"max-snippet:-1","max-image-preview":"max-image-preview:large","max-video-preview":"max-video-preview:-1"},"canonical":"https:\/\/empiremusic.sk\/en\/","og_locale":"en_GB","og_type":"article","og_title":"EMPIRE event&amp;stage","og_description":"Kladieme d\u00f4raz na detail a to n\u00e1s odli\u0161uje od konkurencie. Na vs\u030cetky podujatia sa pozera\u0301me komplexne a usilujeme sa o ten najvys\u030cs\u030ci\u0301 moz\u030cny\u0301 s\u030ctandard.","og_url":"https:\/\/empiremusic.sk\/en\/","og_site_name":"EMPIRE event&amp;stage","article_modified_time":"2024-11-28T00:34:03+00:00","og_image":[{"width":1920,"height":1080,"url":"https:\/\/empiremusic.sk\/wp-content\/uploads\/2022\/02\/opengraph.jpg","type":"image\/jpeg"}],"twitter_card":"summary_large_image","twitter_title":"Domov","twitter_misc":{"Estimated reading time":"1 minute"},"schema":{"@context":"https:\/\/schema.org","@graph":[{"@type":"WebPage","@id":"https:\/\/empiremusic.sk\/","url":"https:\/\/empiremusic.sk\/","name":"EMPIRE event&amp;stage","isPartOf":{"@id":"https:\/\/empiremusic.sk\/#website"},"datePublished":"2021-06-15T08:25:14+00:00","dateModified":"2024-11-28T00:34:03+00:00","description":"Kladieme d\u00f4raz na detail a to n\u00e1s odli\u0161uje od konkurencie. Na vs\u030cetky podujatia sa pozera\u0301me komplexne a usilujeme sa o ten najvys\u030cs\u030ci\u0301 moz\u030cny\u0301 s\u030ctandard.","breadcrumb":{"@id":"https:\/\/empiremusic.sk\/#breadcrumb"},"inLanguage":"en-GB","potentialAction":[{"@type":"ReadAction","target":["https:\/\/empiremusic.sk\/"]}]},{"@type":"BreadcrumbList","@id":"https:\/\/empiremusic.sk\/#breadcrumb","itemListElement":[{"@type":"ListItem","position":1,"name":"Domovsk\u00e1 str\u00e1nka","item":"https:\/\/empiremusic.sk\/"},{"@type":"ListItem","position":2,"name":"Domov"}]},{"@type":"WebSite","@id":"https:\/\/empiremusic.sk\/#website","url":"https:\/\/empiremusic.sk\/","name":"EMPIRE event&amp;stage","description":"","publisher":{"@id":"https:\/\/empiremusic.sk\/#organization"},"potentialAction":[{"@type":"SearchAction","target":{"@type":"EntryPoint","urlTemplate":"https:\/\/empiremusic.sk\/?s={search_term_string}"},"query-input":"required name=search_term_string"}],"inLanguage":"en-GB"},{"@type":"Organization","@id":"https:\/\/empiremusic.sk\/#organization","name":"Empire Music","url":"https:\/\/empiremusic.sk\/","logo":{"@type":"ImageObject","inLanguage":"en-GB","@id":"https:\/\/empiremusic.sk\/#\/schema\/logo\/image\/","url":"https:\/\/empiremusic.sk\/wp-content\/uploads\/2022\/02\/empire-black.png","contentUrl":"https:\/\/empiremusic.sk\/wp-content\/uploads\/2022\/02\/empire-black.png","width":300,"height":84,"caption":"Empire Music"},"image":{"@id":"https:\/\/empiremusic.sk\/#\/schema\/logo\/image\/"}}]}},"_links":{"self":[{"href":"https:\/\/empiremusic.sk\/en\/wp-json\/wp\/v2\/pages\/7893","targetHints":{"allow":["GET"]}}],"collection":[{"href":"https:\/\/empiremusic.sk\/en\/wp-json\/wp\/v2\/pages"}],"about":[{"href":"https:\/\/empiremusic.sk\/en\/wp-json\/wp\/v2\/types\/page"}],"author":[{"embeddable":true,"href":"https:\/\/empiremusic.sk\/en\/wp-json\/wp\/v2\/users\/1"}],"replies":[{"embeddable":true,"href":"https:\/\/empiremusic.sk\/en\/wp-json\/wp\/v2\/comments?post=7893"}],"version-history":[{"count":10,"href":"https:\/\/empiremusic.sk\/en\/wp-json\/wp\/v2\/pages\/7893\/revisions"}],"predecessor-version":[{"id":8621,"href":"https:\/\/empiremusic.sk\/en\/wp-json\/wp\/v2\/pages\/7893\/revisions\/8621"}],"wp:attachment":[{"href":"https:\/\/empiremusic.sk\/en\/wp-json\/wp\/v2\/media?parent=7893"}],"curies":[{"name":"wp","href":"https:\/\/api.w.org\/{rel}","templated":true}]}}